{"id":121,"date":"2018-01-24T23:39:31","date_gmt":"2018-01-24T22:39:31","guid":{"rendered":"http:\/\/crystalcorp.be\/?page_id=121"},"modified":"2022-06-16T17:23:50","modified_gmt":"2022-06-16T15:23:50","slug":"comptabilite","status":"publish","type":"page","link":"https:\/\/www.crystalcorp.be\/index.php\/comptabilite\/","title":{"rendered":"Comptabilit\u00e9"},"content":{"rendered":"\n<p>En plus de nos activit\u00e9s de business coaching et de consultance, \u00e9tant historiquement une fiduciaire comptable et fiscale membre de l&rsquo;ITAA \u2013 Institute for Tax Advisors &amp; Accountants \u2013 nous nous occuperons, \u00e0 votre demande, de la tenue de votre comptabilit\u00e9 et du traitement de vos documents comptables, et ce au moyen des meilleurs logiciels professionnels du march\u00e9\u2026<\/p>\n\n\n\n<p>En nous rendant visite, vous vous rendrez compte que nous sommes bien plus &nbsp;qu&rsquo;un bureau comptable et fiscal moderne, utilisant les derni\u00e8res technologies informatiques d\u00e9di\u00e9es aux professionnels du chiffre, dans une recherche constante d\u2019am\u00e9lioration de nos techniques et comp\u00e9tences\u2026<\/p>\n\n\n\n<p>Nous tenons absolument \u00e0 nous d\u00e9marquer de l\u2019image traditionnelle de la fiduciaire classique et poussi\u00e9reuse, ennuyeuse, qui se borne \u00e0 encoder des factures et \u00e0 remplir des d\u00e9clarations\u2026<\/p>\n\n\n\n<p>Personnes physiques, soci\u00e9t\u00e9s, asbl\u2026&nbsp;N\u2019h\u00e9sitez pas \u00e0 nous <a href=\"https:\/\/www.crystalcorp.be\/index.php\/contact\/\" data-type=\"page\" data-id=\"8\">contacter<\/a> !<\/p>\n","protected":false},"excerpt":{"rendered":"<p>En plus de nos activit\u00e9s de business coaching et de consultance, \u00e9tant historiquement une fiduciaire comptable et fiscale membre de l&rsquo;ITAA \u2013 Institute for Tax Advisors &amp; Accountants \u2013 nous nous occuperons, \u00e0 votre demande, de la tenue de votre comptabilit\u00e9 et du traitement de vos documents comptables, et ce au moyen des meilleurs logiciels &hellip; <\/p>\n<p class=\"link-more\"><a href=\"https:\/\/www.crystalcorp.be\/index.php\/comptabilite\/\" class=\"more-link\">Continuer la lecture<span class=\"screen-reader-text\"> de &laquo;&nbsp;Comptabilit\u00e9&nbsp;&raquo;<\/span><\/a><\/p>\n","protected":false},"author":1,"featured_media":0,"parent":0,"menu_order":0,"comment_status":"closed","ping_status":"closed","template":"","meta":{"_monsterinsights_skip_tracking":false,"_monsterinsights_sitenote_active":false,"_monsterinsights_sitenote_note":"","_monsterinsights_sitenote_category":0,"footnotes":""},"class_list":["post-121","page","type-page","status-publish","hentry"],"_links":{"self":[{"href":"https:\/\/www.crystalcorp.be\/index.php\/wp-json\/wp\/v2\/pages\/121","targetHints":{"allow":["GET"]}}],"collection":[{"href":"https:\/\/www.crystalcorp.be\/index.php\/wp-json\/wp\/v2\/pages"}],"about":[{"href":"https:\/\/www.crystalcorp.be\/index.php\/wp-json\/wp\/v2\/types\/page"}],"author":[{"embeddable":true,"href":"https:\/\/www.crystalcorp.be\/index.php\/wp-json\/wp\/v2\/users\/1"}],"replies":[{"embeddable":true,"href":"https:\/\/www.crystalcorp.be\/index.php\/wp-json\/wp\/v2\/comments?post=121"}],"version-history":[{"count":4,"href":"https:\/\/www.crystalcorp.be\/index.php\/wp-json\/wp\/v2\/pages\/121\/revisions"}],"predecessor-version":[{"id":337,"href":"https:\/\/www.crystalcorp.be\/index.php\/wp-json\/wp\/v2\/pages\/121\/revisions\/337"}],"wp:attachment":[{"href":"https:\/\/www.crystalcorp.be\/index.php\/wp-json\/wp\/v2\/media?parent=121"}],"curies":[{"name":"wp","href":"https:\/\/api.w.org\/{rel}","templated":true}]}}