{"id":302,"date":"2021-03-25T16:20:38","date_gmt":"2021-03-25T15:20:38","guid":{"rendered":"https:\/\/www.crystalcorp.be\/?page_id=302"},"modified":"2022-06-16T17:37:39","modified_gmt":"2022-06-16T15:37:39","slug":"horus-mobile","status":"publish","type":"page","link":"https:\/\/www.crystalcorp.be\/index.php\/horus-mobile\/","title":{"rendered":"Votre compta dans votre poche"},"content":{"rendered":"\n<p>Apporter vos fardes de documents chez le comptable ? C&rsquo;est d\u00e9pass\u00e9 !<\/p>\n\n\n\n<p>Perdre son temps en trajets ? C&rsquo;est inutile !<\/p>\n\n\n\n<p>Ne pas avoir ses factures sous la main ? C&rsquo;est \u00e9nervant !<\/p>\n\n\n\n<p><strong>Que vous soyez situ\u00e9 \u00e0 Mons, Tournai, Namur ou Arlon, nos nouveaux outils nous permettent de collaborer efficacement comme si nous \u00e9tions tout \u00e0 c\u00f4t\u00e9&#8230; <\/strong><\/p>\n\n\n\n<p><strong>Gr\u00e2ce \u00e0 CrystalCorp<\/strong>, vous pourrez b\u00e9n\u00e9ficier d&rsquo;un super outil qui vous permettra de surfer sur les tendances actuelles en mati\u00e8re de pilotage d\u2019entreprise&nbsp;: <strong>HORUS Mobile (Falco)&nbsp;!&nbsp;<\/strong><\/p>\n\n\n\n<p>En bref, voici les <strong>avantages<\/strong> de Horus Mobile (Falco)&nbsp;:<\/p>\n\n\n\n<p>&gt; D\u00e8s le traitement de vos documents par notre \u00e9quipe, Horus vous permet d\u2019obtenir<strong>&nbsp;vos chiffres en temps r\u00e9el.<\/strong>&nbsp;<\/p>\n\n\n\n<p>&gt; Utilisez votre application Horus Mobile sur tous les supports : ordinateur, smartphone, tablette, etc. Vous pouvez dor\u00e9navant<strong>&nbsp;consulter vos chiffres o\u00f9 que vous soyez<\/strong>, gr\u00e2ce \u00e0 une simple connexion \u00e0 internet.<\/p>\n\n\n\n<p>&gt; &nbsp;Consultez des tableaux de bord clairs, interactifs et adapt\u00e9s \u00e0 vos besoins.<\/p>\n\n\n\n<p>&gt; &nbsp;<strong>Echanger et collecter<\/strong>&nbsp;des documents devient dor\u00e9navant ais\u00e9 avec les outils instaur\u00e9s par Horus. L\u2019application Horus Mobile vous fera gagner du temps dans ce travail administratif !<\/p>\n\n\n\n<p>&gt; Horus est un logiciel con\u00e7u de mani\u00e8re extr\u00eamement simple pour que la prise en main soit \u00e9vidente d\u00e8s les premiers clics&nbsp;!<\/p>\n\n\n\n<p>Horus Mobile est une application qui servira d\u2019interface client avec notre solution fiduciaire\u2026 c\u2019est-\u00e0-dire une application que vous installez sur votre ordinateur, qui sera connect\u00e9e \u00e0 notre solution Horus et qui vous permettra de nous envoyer facilement vos documents (factures d\u2019achats,&nbsp;de ventes, extraits de compte, etc), de scanner (photo) directement vos tickets (carburant\u2026) et autres souches TVA (restaurants, etc) et surtout&nbsp;<strong>d\u2019obtenir un tableau de bord avec toutes les informations comptables et financi\u00e8res dont vous avez besoin pour g\u00e9rer votre entreprise (chiffres-cl\u00e9s,&nbsp;r\u00e9sultat, historiques clients et fournisseurs, etc<\/strong>)&nbsp;!<\/p>\n\n\n\n<p>Vous installez Horus Mobile (Falco), vous y importez vos documents, ceux-ci arrivent directement dans notre syst\u00e8me\u2026 nous les traitons et vous disposez alors de votre tableau de bord personnel&nbsp;!<\/p>\n\n\n\n<p><strong>Soit, tr\u00e8s clairement un gain de temps, d\u2019argent et de confort dans la gestion de votre entreprise&nbsp;!<\/strong><\/p>\n\n\n\n<p>Pour plus d\u2019informations, n&rsquo;h\u00e9sitez pas \u00e0 nous <a href=\"https:\/\/www.crystalcorp.be\/index.php\/contact\/\" data-type=\"page\" data-id=\"8\">contacter<\/a> ! <\/p>\n","protected":false},"excerpt":{"rendered":"<p>Apporter vos fardes de documents chez le comptable ? C&rsquo;est d\u00e9pass\u00e9 ! Perdre son temps en trajets ? C&rsquo;est inutile ! Ne pas avoir ses factures sous la main ? C&rsquo;est \u00e9nervant ! Que vous soyez situ\u00e9 \u00e0 Mons, Tournai, Namur ou Arlon, nos nouveaux outils nous permettent de collaborer efficacement comme si nous \u00e9tions &hellip; <\/p>\n<p class=\"link-more\"><a href=\"https:\/\/www.crystalcorp.be\/index.php\/horus-mobile\/\" class=\"more-link\">Continuer la lecture<span class=\"screen-reader-text\"> de &laquo;&nbsp;Votre compta dans votre poche&nbsp;&raquo;<\/span><\/a><\/p>\n","protected":false},"author":1,"featured_media":0,"parent":0,"menu_order":0,"comment_status":"closed","ping_status":"closed","template":"","meta":{"_monsterinsights_skip_tracking":false,"_monsterinsights_sitenote_active":false,"_monsterinsights_sitenote_note":"","_monsterinsights_sitenote_category":0,"footnotes":""},"class_list":["post-302","page","type-page","status-publish","hentry"],"_links":{"self":[{"href":"https:\/\/www.crystalcorp.be\/index.php\/wp-json\/wp\/v2\/pages\/302","targetHints":{"allow":["GET"]}}],"collection":[{"href":"https:\/\/www.crystalcorp.be\/index.php\/wp-json\/wp\/v2\/pages"}],"about":[{"href":"https:\/\/www.crystalcorp.be\/index.php\/wp-json\/wp\/v2\/types\/page"}],"author":[{"embeddable":true,"href":"https:\/\/www.crystalcorp.be\/index.php\/wp-json\/wp\/v2\/users\/1"}],"replies":[{"embeddable":true,"href":"https:\/\/www.crystalcorp.be\/index.php\/wp-json\/wp\/v2\/comments?post=302"}],"version-history":[{"count":5,"href":"https:\/\/www.crystalcorp.be\/index.php\/wp-json\/wp\/v2\/pages\/302\/revisions"}],"predecessor-version":[{"id":343,"href":"https:\/\/www.crystalcorp.be\/index.php\/wp-json\/wp\/v2\/pages\/302\/revisions\/343"}],"wp:attachment":[{"href":"https:\/\/www.crystalcorp.be\/index.php\/wp-json\/wp\/v2\/media?parent=302"}],"curies":[{"name":"wp","href":"https:\/\/api.w.org\/{rel}","templated":true}]}}