{"id":6,"date":"2017-12-04T23:11:51","date_gmt":"2017-12-04T22:11:51","guid":{"rendered":"http:\/\/crystalcorp.be\/?page_id=6"},"modified":"2022-06-16T17:22:39","modified_gmt":"2022-06-16T15:22:39","slug":"accueil","status":"publish","type":"page","link":"https:\/\/www.crystalcorp.be\/","title":{"rendered":"Accueil"},"content":{"rendered":"<div class=\"wp-block-image\">\n<figure class=\"aligncenter is-resized\"><img loading=\"lazy\" decoding=\"async\" src=\"http:\/\/crystalcorp.be\/wp-content\/uploads\/2018\/02\/Logo-web-2-300x251.jpg\" alt=\"\" class=\"wp-image-190\" width=\"225\" height=\"188\" srcset=\"https:\/\/www.crystalcorp.be\/wp-content\/uploads\/2018\/02\/Logo-web-2-300x251.jpg 300w, https:\/\/www.crystalcorp.be\/wp-content\/uploads\/2018\/02\/Logo-web-2-768x643.jpg 768w, https:\/\/www.crystalcorp.be\/wp-content\/uploads\/2018\/02\/Logo-web-2.jpg 836w\" sizes=\"auto, (max-width: 225px) 100vw, 225px\" \/><\/figure>\n<\/div>\n\n\n<p>Vous \u00eates ind\u00e9pendant.e ? En personne physique ou en soci\u00e9t\u00e9 ? <\/p>\n\n\n\n<p>Vous \u00eates titulaire de profession lib\u00e9rale ou g\u00e9rez une asbl ? <\/p>\n\n\n\n<p>Ou peut-\u00eatre avez-vous une id\u00e9e en t\u00eate et vous r\u00eavez de lancer votre bo\u00eete ?<\/p>\n\n\n\n<p>Mais du coup vous avez plein de d\u00e9cisions \u00e0 prendre et avez mille choses \u00e0 faire&#8230; Seul.  Oui, un ind\u00e9pendant est souvent seul pour tout g\u00e9rer dans son entreprise, doit faire les bons choix, d\u00e9velopper sa client\u00e8le, traiter les commandes clients, travailler, prester, etc.<\/p>\n\n\n\n<p>Nous l&rsquo;avons bien compris et vous pouvez compter sur nous pour vous accompagner au quotidien, pour vous faciliter la vie et vous conseiller au mieux afin de&nbsp;booster votre business !<\/p>\n\n\n\n<p><strong>CrystalCorp SRL<\/strong> est un <strong>bureau de conseil<\/strong> <strong> <\/strong>moderne\u00a0cr\u00e9\u00e9 par des <strong>passionn\u00e9s<\/strong> d&rsquo;entrepreneuriat et misant sur le <strong>contact humain<\/strong>, l\u2019accompagnement <strong>personnalis\u00e9<\/strong> et l<strong>&lsquo;\u00e9volution num\u00e9rique <\/strong>(ces nouveaux outils qui rendent notre travail nettement plus sympa)&#8230; <\/p>\n\n\n\n<p>Nos consultants, coaches et experts-comptables (tr\u00e8s sympas aussi &#8211; vous verrez &#8211; et super comp\u00e9tents en plus !) aident chaque jour des entrepreneurs comme vous \u00e0 cr\u00e9er, d\u00e9velopper et optimiser leur activit\u00e9 et \u00e0 remplir leurs obligations comptables et fiscales pour leur permettre de se concentrer sur leur vrai m\u00e9tier.<\/p>\n\n\n\n<p>Management, marketing, gestion financi\u00e8re, (r\u00e9)organisation de vos activit\u00e9s, comptabilit\u00e9, fiscalit\u00e9, notre d\u00e9marche est volontairement pluridisciplinaire afin de pouvoir vous guider \u00e0 chaque \u00e9tape de la vie de votre entreprise. Parce que nous sommes nous-m\u00eames des entrepreneurs avant tout.<\/p>\n\n\n\n<p>Chez nous, vous vous adressez \u00e0 <strong>votre<\/strong> interlocuteur, <strong>votre<\/strong> contact, une personne de confiance qui <strong>vous<\/strong> conna\u00eet &#8230; il n&rsquo;y a <strong>pas<\/strong> de \u00ab\u00a0gestionnaire de dossier\u00a0\u00bb&#8230; parce que nous parlons de personnes, d&rsquo;entreprises, de projets&#8230; et nous croyons dans la relation de <strong>confiance<\/strong> \u00e0 long terme !<\/p>\n\n\n\n<p>Alors, <a href=\"https:\/\/www.crystalcorp.be\/index.php\/contact\/\" data-type=\"page\" data-id=\"8\">contactez-nous<\/a> afin de discuter de vos projets et de voir ensemble comment nous pouvons vous aider&#8230;<\/p>\n\n\n\n<p>A bient\u00f4t !<\/p>\n\n\n\n<p><\/p>\n","protected":false},"excerpt":{"rendered":"<p>Vous \u00eates ind\u00e9pendant.e ? En personne physique ou en soci\u00e9t\u00e9 ? Vous \u00eates titulaire de profession lib\u00e9rale ou g\u00e9rez une asbl ? Ou peut-\u00eatre avez-vous une id\u00e9e en t\u00eate et vous r\u00eavez de lancer votre bo\u00eete ? Mais du coup vous avez plein de d\u00e9cisions \u00e0 prendre et avez mille choses \u00e0 faire&#8230; Seul. Oui, &hellip; <\/p>\n<p class=\"link-more\"><a href=\"https:\/\/www.crystalcorp.be\/\" class=\"more-link\">Continuer la lecture<span class=\"screen-reader-text\"> de &laquo;&nbsp;Accueil&nbsp;&raquo;<\/span><\/a><\/p>\n","protected":false},"author":1,"featured_media":0,"parent":0,"menu_order":0,"comment_status":"closed","ping_status":"closed","template":"","meta":{"_monsterinsights_skip_tracking":false,"_monsterinsights_sitenote_active":false,"_monsterinsights_sitenote_note":"","_monsterinsights_sitenote_category":0,"footnotes":""},"class_list":["post-6","page","type-page","status-publish","hentry"],"_links":{"self":[{"href":"https:\/\/www.crystalcorp.be\/index.php\/wp-json\/wp\/v2\/pages\/6","targetHints":{"allow":["GET"]}}],"collection":[{"href":"https:\/\/www.crystalcorp.be\/index.php\/wp-json\/wp\/v2\/pages"}],"about":[{"href":"https:\/\/www.crystalcorp.be\/index.php\/wp-json\/wp\/v2\/types\/page"}],"author":[{"embeddable":true,"href":"https:\/\/www.crystalcorp.be\/index.php\/wp-json\/wp\/v2\/users\/1"}],"replies":[{"embeddable":true,"href":"https:\/\/www.crystalcorp.be\/index.php\/wp-json\/wp\/v2\/comments?post=6"}],"version-history":[{"count":20,"href":"https:\/\/www.crystalcorp.be\/index.php\/wp-json\/wp\/v2\/pages\/6\/revisions"}],"predecessor-version":[{"id":336,"href":"https:\/\/www.crystalcorp.be\/index.php\/wp-json\/wp\/v2\/pages\/6\/revisions\/336"}],"wp:attachment":[{"href":"https:\/\/www.crystalcorp.be\/index.php\/wp-json\/wp\/v2\/media?parent=6"}],"curies":[{"name":"wp","href":"https:\/\/api.w.org\/{rel}","templated":true}]}}